{"id":15275,"date":"2024-10-18T19:21:38","date_gmt":"2024-10-18T19:21:38","guid":{"rendered":"https:\/\/ambulo-exp.com\/accesibilidad\/"},"modified":"2024-10-18T19:26:31","modified_gmt":"2024-10-18T19:26:31","slug":"accesibilidad","status":"publish","type":"page","link":"https:\/\/ambulo-exp.com\/en\/accesibilidad\/","title":{"rendered":"Accesibilidad"},"content":{"rendered":"\t\t<div data-elementor-type=\"wp-page\" data-elementor-id=\"15275\" class=\"elementor elementor-15275\" data-elementor-post-type=\"page\">\n\t\t\t\t\t\t<section class=\"elementor-section elementor-top-section elementor-element elementor-element-37af98c4 elementor-section-boxed elementor-section-height-default elementor-section-height-default\" data-id=\"37af98c4\" data-element_type=\"section\" data-settings=\"{&quot;background_background&quot;:&quot;classic&quot;}\">\n\t\t\t\t\t\t\t<div class=\"elementor-background-overlay\"><\/div>\n\t\t\t\t\t\t\t<div class=\"elementor-container elementor-column-gap-default\">\n\t\t\t\t\t<div class=\"elementor-column elementor-col-100 elementor-top-column elementor-element elementor-element-208575dd\" data-id=\"208575dd\" data-element_type=\"column\">\n\t\t\t<div class=\"elementor-widget-wrap\">\n\t\t\t\t\t\t\t<\/div>\n\t\t<\/div>\n\t\t\t\t\t<\/div>\n\t\t<\/section>\n\t\t\t\t<section class=\"elementor-section elementor-top-section elementor-element elementor-element-4517bf54 elementor-reverse-mobile elementor-section-boxed elementor-section-height-default elementor-section-height-default\" data-id=\"4517bf54\" data-element_type=\"section\">\n\t\t\t\t\t\t\t<div class=\"elementor-background-overlay\"><\/div>\n\t\t\t\t\t\t\t<div class=\"elementor-container elementor-column-gap-extended\">\n\t\t\t\t\t<div class=\"elementor-column elementor-col-100 elementor-top-column elementor-element elementor-element-14b28b76 elementor-invisible\" data-id=\"14b28b76\" data-element_type=\"column\" data-settings=\"{&quot;animation&quot;:&quot;fadeInRight&quot;}\">\n\t\t\t<div class=\"elementor-widget-wrap elementor-element-populated\">\n\t\t\t\t\t\t<div class=\"elementor-element elementor-element-6eb153cf elementor-widget elementor-widget-heading\" data-id=\"6eb153cf\" data-element_type=\"widget\" data-widget_type=\"heading.default\">\n\t\t\t\t<div class=\"elementor-widget-container\">\n\t\t\t\t\t<h3 class=\"elementor-heading-title elementor-size-default\">Accessibility<\/h3>\t\t\t\t<\/div>\n\t\t\t\t<\/div>\n\t\t\t\t<div class=\"elementor-element elementor-element-2becc6fd elementor-widget elementor-widget-text-editor\" data-id=\"2becc6fd\" data-element_type=\"widget\" data-widget_type=\"text-editor.default\">\n\t\t\t\t<div class=\"elementor-widget-container\">\n\t\t\t\t\t\t\t\t\t<p><strong>Situaci\u00f3n de cumplimiento<\/strong><\/p>\n<p>Este sitio web es plenamente conforme con con [RD 1112\/2018 o UNE-EN 301 549].<\/p>\n<p><strong>Preparaci\u00f3n de la presente declaraci\u00f3n<\/strong><\/p>\n<p>La presente declaraci\u00f3n fue preparada el 18 octubre de 2024.<br>El m\u00e9todo empleado para preparar la declaraci\u00f3n ha sido mediante una autoevaluaci\u00f3n llevada a cabo por Andrea Vegas. <br><br>\u00daltima revisi\u00f3n de la declaraci\u00f3n: 18 de octubre de 2024.<\/p>\n<p><strong>Observaciones y datos de contacto<\/strong><\/p>\n<p>De acuerdo con el arti\u0301culo 12 del RD 1112\/2018 y la Sentencia 100\/2019 del Tribunal Constitucional, las Solicitudes de informacio\u0301n accesible y quejas sera\u0301n presentadas y registradas, en el caso de la AGE conforme a los requisitos establecidos en la Ley 39\/2015, de 1 de octubre, del Procedimiento Administrativo Comu\u0301n de las Administraciones Pu\u0301blicas. En el caso de Comunidades Auto\u0301nomas y Entidades locales, se debera\u0301n definir los procedimientos a usar en el a\u0301mbito regional.<\/p>\n<p>Puede realizar comunicaciones sobre requisitos de accesibilidad (arti\u0301culo 10.2.a) del RD 1112\/2018) como por ejemplo:<\/p>\n<ul>\n<li>informar sobre cualquier posible incumplimiento por parte de este sitio web<\/li>\n<li>transmitir otras dificultades de acceso al contenido<\/li>\n<li>formular cualquier otra consulta o sugerencia de mejora relativa a la accesibilidad del sitio web<\/li>\n<\/ul>\n<p>A trave\u0301s del correo electr\u00f3nico <a href=\"mailto:info@ambulo-exp.com\">info@ambulo-exp.com<\/a> o llamando al tele\u0301fono. Puede presentar:<\/p>\n<p>una Queja relativa al cumplimiento de los requisitos del RD 1112\/2018 o una Solicitud de Informacio\u0301n accesible relativa a:<\/p>\n<ul>\n<li>contenidos que esta\u0301n excluidos del a\u0301mbito de aplicacio\u0301n del RD 1112\/2018 segu\u0301n lo establecido por el arti\u0301culo 3, apartado 4<\/li>\n<li>contenidos que esta\u0301n exentos del cumplimiento de los requisitos de accesibilidad por imponer una carga desproporcionada.<\/li>\n<\/ul>\n<p>En la Solicitud de informacio\u0301n accesible, se debe concretar, con toda claridad, los hechos, razones y peticio\u0301n que permitan constatar que se trata de una solicitud razonable y legi\u0301tima.<\/p>\n<p>A trave\u0301s de la Instancia Gene\u0301rica de la Sede electro\u0301nica del Ministerio, asi\u0301 como del resto de opciones recogidas en la Ley 39\/ 2015, de 1 de octubre, del Procedimiento Administrativo Comu\u0301n de las Administraciones Pu\u0301blicas.<\/p>\n<p>Las comunicaciones, quejas y solicitudes de informacio\u0301n accesible sera\u0301n recibidas y tratadas por Viajes Ambulo.<\/p>\n<p><strong>Procedimiento de aplicaci\u00f3n<\/strong><\/p>\n<p>Si una vez realizada una solicitud de informacio\u0301n accesible o queja, esta hubiera sido desestimada, no se estuviera de acuerdo con la decisio\u0301n adoptada, o la respuesta no cumpliera los requisitos contemplados en el arti\u0301culo 12.5, la persona interesada podra\u0301 iniciar una reclamacio\u0301n. Igualmente, se podra\u0301 iniciar una reclamacio\u0301n en el caso de que haya trascurrido el plazo de veinte di\u0301as ha\u0301biles sin haber obtenido respuesta.<\/p>\n<p>La reclamacio\u0301n puede ser presentada a trav\u00e9s de la Instancia Gene\u0301rica de la Sede electro\u0301nica del Ministerio, asi\u0301 como en el resto de opciones recogidas en la Ley 39\/ 2015, de 1 de octubre, del Procedimiento Administrativo Comu\u0301n de las Administraciones Pu\u0301blicas.<\/p>\n<p>Las reclamaciones sera\u0301n recibidas y tratadas por Viajes Ambulo.<\/p>\t\t\t\t\t\t\t\t<\/div>\n\t\t\t\t<\/div>\n\t\t\t\t\t<\/div>\n\t\t<\/div>\n\t\t\t\t\t<\/div>\n\t\t<\/section>\n\t\t\t\t<\/div>\n\t\t","protected":false},"excerpt":{"rendered":"<p>Accessibility Situaci\u00f3n de cumplimiento Este sitio web es plenamente conforme con con [RD 1112\/2018 o UNE-EN 301 549]. Preparaci\u00f3n de la presente declaraci\u00f3n La presente declaraci\u00f3n fue preparada el 18 octubre de 2024.El m\u00e9todo empleado para preparar la declaraci\u00f3n ha sido mediante una autoevaluaci\u00f3n llevada a cabo por Andrea Vegas. \u00daltima revisi\u00f3n de la declaraci\u00f3n: [&hellip;]<\/p>\n","protected":false},"author":1,"featured_media":0,"parent":0,"menu_order":0,"comment_status":"closed","ping_status":"closed","template":"","meta":{"footnotes":""},"class_list":["post-15275","page","type-page","status-publish","hentry"],"yoast_head":"<!-- This site is optimized with the Yoast SEO plugin v26.3 - https:\/\/yoast.com\/wordpress\/plugins\/seo\/ -->\n<title>Accesibilidad - Viajes Ambulo<\/title>\n<meta name=\"robots\" content=\"index, follow, max-snippet:-1, max-image-preview:large, max-video-preview:-1\" \/>\n<link rel=\"canonical\" href=\"https:\/\/ambulo-exp.com\/en\/accesibilidad\/\" \/>\n<meta property=\"og:locale\" content=\"en_US\" \/>\n<meta property=\"og:type\" content=\"article\" \/>\n<meta property=\"og:title\" content=\"Accesibilidad - Viajes Ambulo\" \/>\n<meta property=\"og:description\" content=\"Accessibility Situaci\u00f3n de cumplimiento Este sitio web es plenamente conforme con con [RD 1112\/2018 o UNE-EN 301 549]. Preparaci\u00f3n de la presente declaraci\u00f3n La presente declaraci\u00f3n fue preparada el 18 octubre de 2024.El m\u00e9todo empleado para preparar la declaraci\u00f3n ha sido mediante una autoevaluaci\u00f3n llevada a cabo por Andrea Vegas. \u00daltima revisi\u00f3n de la declaraci\u00f3n: [&hellip;]\" \/>\n<meta property=\"og:url\" content=\"https:\/\/ambulo-exp.com\/en\/accesibilidad\/\" \/>\n<meta property=\"og:site_name\" content=\"Viajes Ambulo\" \/>\n<meta property=\"article:modified_time\" content=\"2024-10-18T19:26:31+00:00\" \/>\n<meta name=\"twitter:card\" content=\"summary_large_image\" \/>\n<meta name=\"twitter:label1\" content=\"Est. reading time\" \/>\n\t<meta name=\"twitter:data1\" content=\"2 minutes\" \/>\n<script type=\"application\/ld+json\" class=\"yoast-schema-graph\">{\"@context\":\"https:\/\/schema.org\",\"@graph\":[{\"@type\":\"WebPage\",\"@id\":\"https:\/\/ambulo-exp.com\/en\/accesibilidad\/\",\"url\":\"https:\/\/ambulo-exp.com\/en\/accesibilidad\/\",\"name\":\"Accesibilidad - Viajes Ambulo\",\"isPartOf\":{\"@id\":\"https:\/\/ambulo-exp.com\/#website\"},\"datePublished\":\"2024-10-18T19:21:38+00:00\",\"dateModified\":\"2024-10-18T19:26:31+00:00\",\"breadcrumb\":{\"@id\":\"https:\/\/ambulo-exp.com\/en\/accesibilidad\/#breadcrumb\"},\"inLanguage\":\"en-US\",\"potentialAction\":[{\"@type\":\"ReadAction\",\"target\":[\"https:\/\/ambulo-exp.com\/en\/accesibilidad\/\"]}]},{\"@type\":\"BreadcrumbList\",\"@id\":\"https:\/\/ambulo-exp.com\/en\/accesibilidad\/#breadcrumb\",\"itemListElement\":[{\"@type\":\"ListItem\",\"position\":1,\"name\":\"Portada\",\"item\":\"https:\/\/ambulo-exp.com\/en\/inicio\/\"},{\"@type\":\"ListItem\",\"position\":2,\"name\":\"Accesibilidad\"}]},{\"@type\":\"WebSite\",\"@id\":\"https:\/\/ambulo-exp.com\/#website\",\"url\":\"https:\/\/ambulo-exp.com\/\",\"name\":\"Viajes \u00c1mbulo\",\"description\":\"Ambulo. Viajes a Medida, Viajes de Novios, Custom Made Travel, Honeymoon Trips\",\"publisher\":{\"@id\":\"https:\/\/ambulo-exp.com\/#organization\"},\"potentialAction\":[{\"@type\":\"SearchAction\",\"target\":{\"@type\":\"EntryPoint\",\"urlTemplate\":\"https:\/\/ambulo-exp.com\/?s={search_term_string}\"},\"query-input\":{\"@type\":\"PropertyValueSpecification\",\"valueRequired\":true,\"valueName\":\"search_term_string\"}}],\"inLanguage\":\"en-US\"},{\"@type\":\"Organization\",\"@id\":\"https:\/\/ambulo-exp.com\/#organization\",\"name\":\"Viajes \u00c1mbulo\",\"url\":\"https:\/\/ambulo-exp.com\/\",\"logo\":{\"@type\":\"ImageObject\",\"inLanguage\":\"en-US\",\"@id\":\"https:\/\/ambulo-exp.com\/#\/schema\/logo\/image\/\",\"url\":\"https:\/\/ambulo-exp.com\/wp-content\/uploads\/2024\/06\/fons.png\",\"contentUrl\":\"https:\/\/ambulo-exp.com\/wp-content\/uploads\/2024\/06\/fons.png\",\"width\":800,\"height\":800,\"caption\":\"Viajes \u00c1mbulo\"},\"image\":{\"@id\":\"https:\/\/ambulo-exp.com\/#\/schema\/logo\/image\/\"}}]}<\/script>\n<!-- \/ Yoast SEO plugin. -->","yoast_head_json":{"title":"Accesibilidad - Viajes Ambulo","robots":{"index":"index","follow":"follow","max-snippet":"max-snippet:-1","max-image-preview":"max-image-preview:large","max-video-preview":"max-video-preview:-1"},"canonical":"https:\/\/ambulo-exp.com\/en\/accesibilidad\/","og_locale":"en_US","og_type":"article","og_title":"Accesibilidad - Viajes Ambulo","og_description":"Accessibility Situaci\u00f3n de cumplimiento Este sitio web es plenamente conforme con con [RD 1112\/2018 o UNE-EN 301 549]. Preparaci\u00f3n de la presente declaraci\u00f3n La presente declaraci\u00f3n fue preparada el 18 octubre de 2024.El m\u00e9todo empleado para preparar la declaraci\u00f3n ha sido mediante una autoevaluaci\u00f3n llevada a cabo por Andrea Vegas. \u00daltima revisi\u00f3n de la declaraci\u00f3n: [&hellip;]","og_url":"https:\/\/ambulo-exp.com\/en\/accesibilidad\/","og_site_name":"Viajes Ambulo","article_modified_time":"2024-10-18T19:26:31+00:00","twitter_card":"summary_large_image","twitter_misc":{"Est. reading time":"2 minutes"},"schema":{"@context":"https:\/\/schema.org","@graph":[{"@type":"WebPage","@id":"https:\/\/ambulo-exp.com\/en\/accesibilidad\/","url":"https:\/\/ambulo-exp.com\/en\/accesibilidad\/","name":"Accesibilidad - Viajes Ambulo","isPartOf":{"@id":"https:\/\/ambulo-exp.com\/#website"},"datePublished":"2024-10-18T19:21:38+00:00","dateModified":"2024-10-18T19:26:31+00:00","breadcrumb":{"@id":"https:\/\/ambulo-exp.com\/en\/accesibilidad\/#breadcrumb"},"inLanguage":"en-US","potentialAction":[{"@type":"ReadAction","target":["https:\/\/ambulo-exp.com\/en\/accesibilidad\/"]}]},{"@type":"BreadcrumbList","@id":"https:\/\/ambulo-exp.com\/en\/accesibilidad\/#breadcrumb","itemListElement":[{"@type":"ListItem","position":1,"name":"Portada","item":"https:\/\/ambulo-exp.com\/en\/inicio\/"},{"@type":"ListItem","position":2,"name":"Accesibilidad"}]},{"@type":"WebSite","@id":"https:\/\/ambulo-exp.com\/#website","url":"https:\/\/ambulo-exp.com\/","name":"Viajes \u00c1mbulo","description":"Ambulo. Viajes a Medida, Viajes de Novios, Custom Made Travel, Honeymoon Trips","publisher":{"@id":"https:\/\/ambulo-exp.com\/#organization"},"potentialAction":[{"@type":"SearchAction","target":{"@type":"EntryPoint","urlTemplate":"https:\/\/ambulo-exp.com\/?s={search_term_string}"},"query-input":{"@type":"PropertyValueSpecification","valueRequired":true,"valueName":"search_term_string"}}],"inLanguage":"en-US"},{"@type":"Organization","@id":"https:\/\/ambulo-exp.com\/#organization","name":"Viajes \u00c1mbulo","url":"https:\/\/ambulo-exp.com\/","logo":{"@type":"ImageObject","inLanguage":"en-US","@id":"https:\/\/ambulo-exp.com\/#\/schema\/logo\/image\/","url":"https:\/\/ambulo-exp.com\/wp-content\/uploads\/2024\/06\/fons.png","contentUrl":"https:\/\/ambulo-exp.com\/wp-content\/uploads\/2024\/06\/fons.png","width":800,"height":800,"caption":"Viajes \u00c1mbulo"},"image":{"@id":"https:\/\/ambulo-exp.com\/#\/schema\/logo\/image\/"}}]}},"_links":{"self":[{"href":"https:\/\/ambulo-exp.com\/en\/wp-json\/wp\/v2\/pages\/15275","targetHints":{"allow":["GET"]}}],"collection":[{"href":"https:\/\/ambulo-exp.com\/en\/wp-json\/wp\/v2\/pages"}],"about":[{"href":"https:\/\/ambulo-exp.com\/en\/wp-json\/wp\/v2\/types\/page"}],"author":[{"embeddable":true,"href":"https:\/\/ambulo-exp.com\/en\/wp-json\/wp\/v2\/users\/1"}],"replies":[{"embeddable":true,"href":"https:\/\/ambulo-exp.com\/en\/wp-json\/wp\/v2\/comments?post=15275"}],"version-history":[{"count":4,"href":"https:\/\/ambulo-exp.com\/en\/wp-json\/wp\/v2\/pages\/15275\/revisions"}],"predecessor-version":[{"id":15279,"href":"https:\/\/ambulo-exp.com\/en\/wp-json\/wp\/v2\/pages\/15275\/revisions\/15279"}],"wp:attachment":[{"href":"https:\/\/ambulo-exp.com\/en\/wp-json\/wp\/v2\/media?parent=15275"}],"curies":[{"name":"wp","href":"https:\/\/api.w.org\/{rel}","templated":true}]}}